{"id":78,"date":"2022-11-30T12:21:41","date_gmt":"2022-11-30T11:21:41","guid":{"rendered":"https:\/\/dev.tvgroup.es\/?page_id=78"},"modified":"2023-06-04T21:45:22","modified_gmt":"2023-06-04T19:45:22","slug":"servicios","status":"publish","type":"page","link":"https:\/\/tvgroup.es\/index.php\/servicios\/","title":{"rendered":"Servicios"},"content":{"rendered":"<p>[et_pb_section fb_built=\u00bb1&#8243; fullwidth=\u00bbon\u00bb admin_label=\u00bbPage Header\u00bb _builder_version=\u00bb4.21.0&#8243; background_image=\u00bbhttps:\/\/tvgroup.es\/wp-content\/uploads\/2023\/06\/edition-1.jpg\u00bb locked=\u00bboff\u00bb global_colors_info=\u00bb{}\u00bb][et_pb_fullwidth_header title=\u00bbServicios T\u00e9cnicos\u00bb text_orientation=\u00bbcenter\u00bb button_one_url=\u00bb#\u00bb button_two_url=\u00bb#\u00bb admin_label=\u00bbHero Section\u00bb _builder_version=\u00bb4.21.0&#8243; title_font=\u00bbMontserrat|on|||\u00bb title_font_size=\u00bb35px\u00bb title_line_height=\u00bb1.4em\u00bb content_font_size=\u00bb22px\u00bb content_line_height=\u00bb1.8em\u00bb subhead_font=\u00bb||||\u00bb background_color=\u00bbrgba(0,0,0,0.5)\u00bb custom_button_one=\u00bbon\u00bb button_one_text_size=\u00bb16px\u00bb button_one_bg_color=\u00bb#6eba01&#8243; button_one_border_width=\u00bb2px\u00bb button_one_border_color=\u00bb#6eba01&#8243; button_one_border_radius=\u00bb0&#8243; button_one_letter_spacing=\u00bb2&#8243; button_one_font=\u00bbMontserrat|||on|\u00bb button_one_use_icon=\u00bboff\u00bb custom_button_two=\u00bbon\u00bb button_two_text_size=\u00bb16px\u00bb button_two_border_width=\u00bb2px\u00bb button_two_border_color=\u00bb#ffffff\u00bb button_two_border_radius=\u00bb0&#8243; button_two_letter_spacing=\u00bb2&#8243; button_two_font=\u00bbMontserrat|||on|\u00bb button_two_use_icon=\u00bboff\u00bb module_alignment=\u00bbleft\u00bb custom_margin=\u00bb|||\u00bb custom_padding=\u00bb200px||200px||false|false\u00bb animation_style=\u00bbfade\u00bb hover_enabled=\u00bb0&#8243; button_one_text_color_hover=\u00bb#6eba01&#8243; button_two_text_color_hover=\u00bb#6eba01&#8243; button_one_border_color_hover=\u00bb#ffffff\u00bb button_two_border_color_hover=\u00bb#ffffff\u00bb button_one_border_radius_hover=\u00bb0&#8243; button_two_border_radius_hover=\u00bb0&#8243; button_one_letter_spacing_hover=\u00bb2&#8243; button_two_letter_spacing_hover=\u00bb2&#8243; button_one_bg_color_hover=\u00bb#ffffff\u00bb button_two_bg_color_hover=\u00bb#ffffff\u00bb global_colors_info=\u00bb{}\u00bb button_one_text_size__hover_enabled=\u00bboff\u00bb button_two_text_size__hover_enabled=\u00bboff\u00bb button_one_text_color__hover_enabled=\u00bbon\u00bb button_one_text_color__hover=\u00bb#6eba01&#8243; button_two_text_color__hover_enabled=\u00bbon\u00bb button_two_text_color__hover=\u00bb#6eba01&#8243; button_one_border_width__hover_enabled=\u00bboff\u00bb button_two_border_width__hover_enabled=\u00bboff\u00bb button_one_border_color__hover_enabled=\u00bbon\u00bb button_one_border_color__hover=\u00bb#ffffff\u00bb button_two_border_color__hover_enabled=\u00bbon\u00bb button_two_border_color__hover=\u00bb#ffffff\u00bb button_one_border_radius__hover_enabled=\u00bbon\u00bb button_one_border_radius__hover=\u00bb0&#8243; button_two_border_radius__hover_enabled=\u00bbon\u00bb button_two_border_radius__hover=\u00bb0&#8243; button_one_letter_spacing__hover_enabled=\u00bbon\u00bb button_one_letter_spacing__hover=\u00bb2&#8243; button_two_letter_spacing__hover_enabled=\u00bbon\u00bb button_two_letter_spacing__hover=\u00bb2&#8243; button_one_bg_color__hover_enabled=\u00bbon\u00bb button_one_bg_color__hover=\u00bb#ffffff\u00bb button_two_bg_color__hover_enabled=\u00bbon\u00bb button_two_bg_color__hover=\u00bb#ffffff\u00bb sticky_enabled=\u00bb0&#8243;][\/et_pb_fullwidth_header][\/et_pb_section][et_pb_section fb_built=\u00bb1&#8243; admin_label=\u00bbServices\u00bb _builder_version=\u00bb4.16&#8243; custom_padding=\u00bb||0px|||\u00bb global_colors_info=\u00bb{}\u00bb title_text_tablet=\u00bbupholsterer-41&#8243;][et_pb_row column_structure=\u00bb1_2,1_2&#8243; _builder_version=\u00bb4.21.0&#8243; custom_margin=\u00bb6%||6%||true|false\u00bb custom_margin_tablet=\u00bb6%||6%||true|false\u00bb custom_margin_phone=\u00bb0%||0%||true|false\u00bb custom_margin_last_edited=\u00bbon|phone\u00bb custom_padding=\u00bb||||false|false\u00bb custom_css_main_element=\u00bbdisplay: flex;||flex-wrap: wrap;\u00bb global_colors_info=\u00bb{}\u00bb][et_pb_column type=\u00bb1_2&#8243; _builder_version=\u00bb4.16&#8243; custom_padding=\u00bb||80px||false|false\u00bb global_colors_info=\u00bb{}\u00bb][et_pb_text _builder_version=\u00bb4.21.0&#8243; header_2_font=\u00bb||||||||\u00bb header_2_text_color=\u00bb#333333&#8243; header_2_line_height=\u00bb1.8em\u00bb header_4_font=\u00bb|700||on|||||\u00bb header_4_text_color=\u00bb#bea88f\u00bb header_4_font_size=\u00bb12px\u00bb header_4_letter_spacing=\u00bb2.6px\u00bb header_4_line_height=\u00bb1.6em\u00bb custom_margin=\u00bb||0px||false|false\u00bb custom_padding=\u00bb||0px||false|false\u00bb header_2_font_size_tablet=\u00bb22px\u00bb header_2_font_size_phone=\u00bb20px\u00bb header_2_font_size_last_edited=\u00bbon|phone\u00bb header_4_font_size_tablet=\u00bb\u00bb header_4_font_size_phone=\u00bb\u00bb header_4_font_size_last_edited=\u00bbon|phone\u00bb locked=\u00bboff\u00bb global_colors_info=\u00bb{}\u00bb]<\/p>\n<h2>Alquiler de c\u00e1maras<\/h2>\n<p>[\/et_pb_text][et_pb_text _builder_version=\u00bb4.21.0&#8243; text_font=\u00bbVerdana||||||||\u00bb text_font_size=\u00bb14px\u00bb text_line_height=\u00bb2em\u00bb text_orientation=\u00bbjustified\u00bb max_width=\u00bb350px\u00bb locked=\u00bboff\u00bb global_colors_info=\u00bb{}\u00bb]<\/p>\n<p>En TV Group ofrecemos servicios de alquiler de c\u00e1maras de alta calidad para producciones de televisi\u00f3n y cine. Contamos con una amplia variedad de c\u00e1maras de \u00faltima generaci\u00f3n, lentes y accesorios para atender las necesidades de nuestros clientes.<\/p>\n<p>[\/et_pb_text][et_pb_button button_url=\u00bbhttps:\/\/tvgroup.es\/index.php\/camaras\/\u00bb url_new_window=\u00bbon\u00bb button_text=\u00bbVer m\u00e1s\u00bb _builder_version=\u00bb4.20.4&#8243; custom_button=\u00bbon\u00bb button_text_size=\u00bb12px\u00bb button_text_color=\u00bb#bea88f\u00bb button_bg_color=\u00bbrgba(0,0,0,0)\u00bb button_border_width=\u00bb2px\u00bb button_border_color=\u00bb#bea88f\u00bb button_border_radius=\u00bb0px\u00bb button_letter_spacing=\u00bb2px\u00bb button_font=\u00bb|700||on|||||\u00bb background_layout=\u00bbdark\u00bb custom_padding=\u00bb20px|40px|20px|40px|true|true\u00bb button_bg_color_last_edited=\u00bboff|desktop\u00bb locked=\u00bboff\u00bb global_colors_info=\u00bb{}\u00bb button_bg_color__hover_enabled=\u00bbon|hover\u00bb button_bg_color__hover=\u00bb#bea88f\u00bb button_bg_enable_color__hover=\u00bbon\u00bb button_text_color__hover_enabled=\u00bbon|hover\u00bb button_text_color__hover=\u00bb#ffffff\u00bb][\/et_pb_button][\/et_pb_column][et_pb_column type=\u00bb1_2&#8243; _builder_version=\u00bb4.16&#8243; background_color=\u00bb#bea88f\u00bb global_colors_info=\u00bb{}\u00bb][et_pb_blurb title=\u00bbC\u00e1maras\u00bb image=\u00bbhttp:\/\/dev.tvgroup.es\/wp-content\/uploads\/2023\/01\/produccion-6.jpg\u00bb content_max_width=\u00bb100%\u00bb _builder_version=\u00bb4.20.4&#8243; header_level=\u00bbh3&#8243; header_font=\u00bbPrata||||||||\u00bb header_font_size=\u00bb35px\u00bb header_line_height=\u00bb1.2em\u00bb body_font=\u00bbVerdana||||||||\u00bb transform_translate=\u00bb10%|-10%\u00bb transform_translate_linked=\u00bboff\u00bb background_layout=\u00bbdark\u00bb animation_style=\u00bbslide\u00bb animation_direction=\u00bbbottom\u00bb animation_duration=\u00bb700ms\u00bb animation_intensity_slide=\u00bb2%\u00bb animation=\u00bboff\u00bb header_font_size_tablet=\u00bb28px\u00bb header_font_size_phone=\u00bb22px\u00bb header_font_size_last_edited=\u00bbon|phone\u00bb locked=\u00bboff\u00bb global_colors_info=\u00bb{}\u00bb][\/et_pb_blurb][\/et_pb_column][\/et_pb_row][et_pb_row column_structure=\u00bb1_2,1_2&#8243; _builder_version=\u00bb4.21.0&#8243; custom_margin=\u00bb6%||6%||true|false\u00bb custom_margin_tablet=\u00bb6%||6%||true|false\u00bb custom_margin_phone=\u00bb0%||0%||true|false\u00bb custom_margin_last_edited=\u00bbon|phone\u00bb custom_padding=\u00bb||||false|false\u00bb custom_css_main_element=\u00bbdisplay: flex;||flex-wrap: wrap;\u00bb locked=\u00bboff\u00bb global_colors_info=\u00bb{}\u00bb][et_pb_column type=\u00bb1_2&#8243; _builder_version=\u00bb4.21.0&#8243; custom_css_main_element=\u00bborder: 1;\u00bb border_width_all=\u00bb2px\u00bb border_color_all=\u00bb#000000&#8243; global_colors_info=\u00bb{}\u00bb custom_css_main_element_last_edited=\u00bbon|phone\u00bb custom_css_main_element_tablet=\u00bborder: 2;\u00bb custom_css_main_element_phone=\u00bborder: 2;\u00bb][et_pb_blurb title=\u00bbGr\u00faas Telesc\u00f3picas\u00bb image=\u00bbhttp:\/\/dev.tvgroup.es\/wp-content\/uploads\/2023\/01\/crane-4.jpg\u00bb content_max_width=\u00bb100%\u00bb _builder_version=\u00bb4.19.2&#8243; header_level=\u00bbh3&#8243; header_font=\u00bbPrata||||||||\u00bb header_font_size=\u00bb35px\u00bb header_line_height=\u00bb1.2em\u00bb transform_translate=\u00bb-10%|-10%\u00bb text_orientation=\u00bbright\u00bb custom_margin_tablet=\u00bb-60px|60px|30px|-60px|false|false\u00bb custom_margin_phone=\u00bb-30px|30px|20px|-30px|false|false\u00bb custom_margin_last_edited=\u00bboff|desktop\u00bb animation_style=\u00bbslide\u00bb animation_direction=\u00bbbottom\u00bb animation_duration=\u00bb700ms\u00bb animation_intensity_slide=\u00bb2%\u00bb animation=\u00bboff\u00bb header_font_size_tablet=\u00bb28px\u00bb header_font_size_phone=\u00bb22px\u00bb header_font_size_last_edited=\u00bbon|phone\u00bb locked=\u00bboff\u00bb global_colors_info=\u00bb{}\u00bb][\/et_pb_blurb][\/et_pb_column][et_pb_column type=\u00bb1_2&#8243; _builder_version=\u00bb4.21.0&#8243; custom_padding=\u00bb||80px||false|false\u00bb custom_css_main_element=\u00bborder: 2;\u00bb global_colors_info=\u00bb{}\u00bb custom_css_main_element_last_edited=\u00bbon|phone\u00bb custom_css_main_element_tablet=\u00bborder: 1;\u00bb custom_css_main_element_phone=\u00bborder: 1;\u00bb][et_pb_text _builder_version=\u00bb4.21.0&#8243; header_2_font=\u00bb||||||||\u00bb header_2_text_color=\u00bb#333333&#8243; header_2_line_height=\u00bb1.8em\u00bb header_4_font=\u00bb|700||on|||||\u00bb header_4_text_color=\u00bb#bea88f\u00bb header_4_font_size=\u00bb12px\u00bb header_4_letter_spacing=\u00bb2.6px\u00bb header_4_line_height=\u00bb1.6em\u00bb custom_margin=\u00bb||0px||false|false\u00bb custom_padding=\u00bb||0px||false|false\u00bb header_2_font_size_tablet=\u00bb22px\u00bb header_2_font_size_phone=\u00bb20px\u00bb header_2_font_size_last_edited=\u00bbon|phone\u00bb header_4_font_size_tablet=\u00bb\u00bb header_4_font_size_phone=\u00bb\u00bb header_4_font_size_last_edited=\u00bbon|phone\u00bb locked=\u00bboff\u00bb global_colors_info=\u00bb{}\u00bb]<\/p>\n<h2>Gr\u00faas telesc\u00f3picas<\/h2>\n<p>[\/et_pb_text][et_pb_text _builder_version=\u00bb4.20.4&#8243; text_font=\u00bbVerdana||||||||\u00bb text_font_size=\u00bb14px\u00bb text_line_height=\u00bb2em\u00bb text_orientation=\u00bbjustified\u00bb max_width=\u00bb350px\u00bb locked=\u00bboff\u00bb global_colors_info=\u00bb{}\u00bb]<\/p>\n<p style=\"text-align: justify;\"><span>En TV Group ofrecemos servicios de gr\u00faas telesc\u00f3picas de alta calidad para producciones de televisi\u00f3n y cine. Contamos con una amplia variedad de gr\u00faas telesc\u00f3picas de \u00faltima generaci\u00f3n y un equipo t\u00e9cnico altamente capacitado para garantizar la mejor calidad posible en la producci\u00f3n.<\/span><\/p>\n<p>[\/et_pb_text][et_pb_button button_url=\u00bb@ET-DC@eyJkeW5hbWljIjp0cnVlLCJjb250ZW50IjoicG9zdF9saW5rX3VybF9wYWdlIiwic2V0dGluZ3MiOnsicG9zdF9pZCI6IjIyMSJ9fQ==@\u00bb button_text=\u00bbVer m\u00e1s\u00bb _builder_version=\u00bb4.19.2&#8243; _dynamic_attributes=\u00bbbutton_url\u00bb custom_button=\u00bbon\u00bb button_text_size=\u00bb12px\u00bb button_text_color=\u00bb#bea88f\u00bb button_bg_color=\u00bbrgba(0,0,0,0)\u00bb button_border_width=\u00bb2px\u00bb button_border_color=\u00bb#bea88f\u00bb button_border_radius=\u00bb0px\u00bb button_letter_spacing=\u00bb2px\u00bb button_font=\u00bb|700||on|||||\u00bb background_layout=\u00bbdark\u00bb custom_padding=\u00bb20px|40px|20px|40px|true|true\u00bb button_bg_color_last_edited=\u00bboff|desktop\u00bb locked=\u00bboff\u00bb global_colors_info=\u00bb{}\u00bb button_bg_color__hover_enabled=\u00bbon|hover\u00bb button_bg_color__hover=\u00bb#bea88f\u00bb button_bg_enable_color__hover=\u00bbon\u00bb button_text_color__hover_enabled=\u00bbon|hover\u00bb button_text_color__hover=\u00bb#ffffff\u00bb][\/et_pb_button][\/et_pb_column][\/et_pb_row][et_pb_row column_structure=\u00bb1_2,1_2&#8243; _builder_version=\u00bb4.21.0&#8243; custom_margin=\u00bb6%||6%||true|false\u00bb custom_margin_tablet=\u00bb6%||6%||true|false\u00bb custom_margin_phone=\u00bb0%||0%||true|false\u00bb custom_margin_last_edited=\u00bbon|phone\u00bb custom_padding=\u00bb||||false|false\u00bb global_colors_info=\u00bb{}\u00bb][et_pb_column type=\u00bb1_2&#8243; _builder_version=\u00bb4.16&#8243; custom_padding=\u00bb||80px||false|false\u00bb global_colors_info=\u00bb{}\u00bb][et_pb_text _builder_version=\u00bb4.21.0&#8243; header_2_font=\u00bb||||||||\u00bb header_2_text_color=\u00bb#333333&#8243; header_2_line_height=\u00bb1.8em\u00bb header_4_font=\u00bb|700||on|||||\u00bb header_4_text_color=\u00bb#bea88f\u00bb header_4_font_size=\u00bb12px\u00bb header_4_letter_spacing=\u00bb2.6px\u00bb header_4_line_height=\u00bb1.6em\u00bb custom_margin=\u00bb||0px||false|false\u00bb custom_padding=\u00bb||0px||false|false\u00bb header_2_font_size_tablet=\u00bb22px\u00bb header_2_font_size_phone=\u00bb20px\u00bb header_2_font_size_last_edited=\u00bbon|phone\u00bb header_4_font_size_tablet=\u00bb\u00bb header_4_font_size_phone=\u00bb\u00bb header_4_font_size_last_edited=\u00bbon|phone\u00bb locked=\u00bboff\u00bb global_colors_info=\u00bb{}\u00bb]<\/p>\n<h2>Edici\u00f3n de video<\/h2>\n<p>[\/et_pb_text][et_pb_text _builder_version=\u00bb4.20.4&#8243; text_font=\u00bbVerdana||||||||\u00bb text_font_size=\u00bb14px\u00bb text_line_height=\u00bb2em\u00bb text_orientation=\u00bbjustified\u00bb max_width=\u00bb350px\u00bb locked=\u00bboff\u00bb global_colors_info=\u00bb{}\u00bb]<\/p>\n<p style=\"font-weight: 400;\">Servicios de edici\u00f3n de video y audio.<\/p>\n<p style=\"font-weight: 400;\">Salas de edici\u00f3n AVID y sala de Protools con capacidad de trabajo en multic\u00e1mara y almacenamiento de hasta 360TB.<\/p>\n<p>[\/et_pb_text][et_pb_button button_url=\u00bb@ET-DC@eyJkeW5hbWljIjp0cnVlLCJjb250ZW50IjoicG9zdF9saW5rX3VybF9wYWdlIiwic2V0dGluZ3MiOnsicG9zdF9pZCI6IjIyNiJ9fQ==@\u00bb button_text=\u00bbVer m\u00e1s\u00bb _builder_version=\u00bb4.19.2&#8243; _dynamic_attributes=\u00bbbutton_url\u00bb custom_button=\u00bbon\u00bb button_text_size=\u00bb12px\u00bb button_text_color=\u00bb#bea88f\u00bb button_bg_color=\u00bbrgba(0,0,0,0)\u00bb button_border_width=\u00bb2px\u00bb button_border_color=\u00bb#bea88f\u00bb button_border_radius=\u00bb0px\u00bb button_letter_spacing=\u00bb2px\u00bb button_font=\u00bb|700||on|||||\u00bb background_layout=\u00bbdark\u00bb custom_padding=\u00bb20px|40px|20px|40px|true|true\u00bb button_bg_color_last_edited=\u00bboff|desktop\u00bb locked=\u00bboff\u00bb global_colors_info=\u00bb{}\u00bb button_bg_color__hover_enabled=\u00bbon|hover\u00bb button_bg_color__hover=\u00bb#bea88f\u00bb button_bg_enable_color__hover=\u00bbon\u00bb button_text_color__hover_enabled=\u00bbon|hover\u00bb button_text_color__hover=\u00bb#ffffff\u00bb][\/et_pb_button][\/et_pb_column][et_pb_column type=\u00bb1_2&#8243; _builder_version=\u00bb4.16&#8243; background_color=\u00bb#bea88f\u00bb global_colors_info=\u00bb{}\u00bb][et_pb_blurb title=\u00bbEdici\u00f3n\u00bb image=\u00bbhttp:\/\/dev.tvgroup.es\/wp-content\/uploads\/2023\/01\/edition-1.jpg\u00bb content_max_width=\u00bb100%\u00bb _builder_version=\u00bb4.19.2&#8243; header_level=\u00bbh3&#8243; header_font=\u00bbPrata||||||||\u00bb header_font_size=\u00bb35px\u00bb header_line_height=\u00bb1.2em\u00bb transform_translate=\u00bb10%|-10%\u00bb transform_translate_linked=\u00bboff\u00bb background_layout=\u00bbdark\u00bb animation_style=\u00bbslide\u00bb animation_direction=\u00bbbottom\u00bb animation_duration=\u00bb700ms\u00bb animation_intensity_slide=\u00bb2%\u00bb animation=\u00bboff\u00bb header_font_size_tablet=\u00bb28px\u00bb header_font_size_phone=\u00bb22px\u00bb header_font_size_last_edited=\u00bbon|phone\u00bb locked=\u00bboff\u00bb global_colors_info=\u00bb{}\u00bb][\/et_pb_blurb][\/et_pb_column][\/et_pb_row][\/et_pb_section]<\/p>\n","protected":false},"excerpt":{"rendered":"<p>Alquiler de c\u00e1marasEn TV Group ofrecemos servicios de alquiler de c\u00e1maras de alta calidad para producciones de televisi\u00f3n y cine. Contamos con una amplia variedad de c\u00e1maras de \u00faltima generaci\u00f3n, lentes y accesorios para atender las necesidades de nuestros clientes.Gr\u00faas telesc\u00f3picasEn TV Group ofrecemos servicios de gr\u00faas telesc\u00f3picas de alta calidad para producciones de televisi\u00f3n [&hellip;]<\/p>\n","protected":false},"author":1,"featured_media":0,"parent":0,"menu_order":0,"comment_status":"closed","ping_status":"closed","template":"","meta":{"_et_pb_use_builder":"on","_et_pb_old_content":"","_et_gb_content_width":"","footnotes":""},"_links":{"self":[{"href":"https:\/\/tvgroup.es\/index.php\/wp-json\/wp\/v2\/pages\/78"}],"collection":[{"href":"https:\/\/tvgroup.es\/index.php\/wp-json\/wp\/v2\/pages"}],"about":[{"href":"https:\/\/tvgroup.es\/index.php\/wp-json\/wp\/v2\/types\/page"}],"author":[{"embeddable":true,"href":"https:\/\/tvgroup.es\/index.php\/wp-json\/wp\/v2\/users\/1"}],"replies":[{"embeddable":true,"href":"https:\/\/tvgroup.es\/index.php\/wp-json\/wp\/v2\/comments?post=78"}],"version-history":[{"count":41,"href":"https:\/\/tvgroup.es\/index.php\/wp-json\/wp\/v2\/pages\/78\/revisions"}],"predecessor-version":[{"id":1442,"href":"https:\/\/tvgroup.es\/index.php\/wp-json\/wp\/v2\/pages\/78\/revisions\/1442"}],"wp:attachment":[{"href":"https:\/\/tvgroup.es\/index.php\/wp-json\/wp\/v2\/media?parent=78"}],"curies":[{"name":"wp","href":"https:\/\/api.w.org\/{rel}","templated":true}]}}