{"id":505,"date":"2023-04-23T19:31:07","date_gmt":"2023-04-23T17:31:07","guid":{"rendered":"https:\/\/tvgroup.es\/?page_id=505"},"modified":"2023-06-22T18:42:44","modified_gmt":"2023-06-22T16:42:44","slug":"service-de-produccion-2","status":"publish","type":"page","link":"https:\/\/tvgroup.es\/index.php\/service-de-produccion-2\/","title":{"rendered":"Service de producci\u00f3n"},"content":{"rendered":"<p>[et_pb_section fb_built=\u00bb1&#8243; fullwidth=\u00bbon\u00bb admin_label=\u00bbPage Header\u00bb _builder_version=\u00bb4.21.0&#8243; background_image=\u00bbhttps:\/\/tvgroup.es\/wp-content\/uploads\/2023\/03\/produccion-1.jpg\u00bb locked=\u00bboff\u00bb global_colors_info=\u00bb{}\u00bb][et_pb_fullwidth_header title=\u00bbInternational Production Services\u00bb text_orientation=\u00bbcenter\u00bb button_one_url=\u00bb#\u00bb button_two_url=\u00bb#\u00bb admin_label=\u00bbHero Section\u00bb _builder_version=\u00bb4.21.0&#8243; title_font=\u00bbMontserrat|on|||\u00bb title_font_size=\u00bb35px\u00bb title_line_height=\u00bb1.4em\u00bb content_font_size=\u00bb22px\u00bb content_line_height=\u00bb1.8em\u00bb subhead_font=\u00bb||||\u00bb background_color=\u00bbrgba(0,0,0,0.5)\u00bb custom_button_one=\u00bbon\u00bb button_one_text_size=\u00bb16px\u00bb button_one_bg_color=\u00bb#6eba01&#8243; button_one_border_width=\u00bb2px\u00bb button_one_border_color=\u00bb#6eba01&#8243; button_one_border_radius=\u00bb0&#8243; button_one_letter_spacing=\u00bb2&#8243; button_one_font=\u00bbMontserrat|||on|\u00bb button_one_use_icon=\u00bboff\u00bb custom_button_two=\u00bbon\u00bb button_two_text_size=\u00bb16px\u00bb button_two_border_width=\u00bb2px\u00bb button_two_border_color=\u00bb#ffffff\u00bb button_two_border_radius=\u00bb0&#8243; button_two_letter_spacing=\u00bb2&#8243; button_two_font=\u00bbMontserrat|||on|\u00bb button_two_use_icon=\u00bboff\u00bb module_alignment=\u00bbleft\u00bb custom_margin=\u00bb|||\u00bb custom_padding=\u00bb200px||200px||true|false\u00bb animation_style=\u00bbfade\u00bb button_one_text_color_hover=\u00bb#6eba01&#8243; button_two_text_color_hover=\u00bb#6eba01&#8243; button_one_border_color_hover=\u00bb#ffffff\u00bb button_two_border_color_hover=\u00bb#ffffff\u00bb button_one_border_radius_hover=\u00bb0&#8243; button_two_border_radius_hover=\u00bb0&#8243; button_one_letter_spacing_hover=\u00bb2&#8243; button_two_letter_spacing_hover=\u00bb2&#8243; button_one_bg_color_hover=\u00bb#ffffff\u00bb button_two_bg_color_hover=\u00bb#ffffff\u00bb global_colors_info=\u00bb{}\u00bb button_one_text_size__hover_enabled=\u00bboff\u00bb button_two_text_size__hover_enabled=\u00bboff\u00bb button_one_text_color__hover_enabled=\u00bbon\u00bb button_one_text_color__hover=\u00bb#6eba01&#8243; button_two_text_color__hover_enabled=\u00bbon\u00bb button_two_text_color__hover=\u00bb#6eba01&#8243; button_one_border_width__hover_enabled=\u00bboff\u00bb button_two_border_width__hover_enabled=\u00bboff\u00bb button_one_border_color__hover_enabled=\u00bbon\u00bb button_one_border_color__hover=\u00bb#ffffff\u00bb button_two_border_color__hover_enabled=\u00bbon\u00bb button_two_border_color__hover=\u00bb#ffffff\u00bb button_one_border_radius__hover_enabled=\u00bbon\u00bb button_one_border_radius__hover=\u00bb0&#8243; button_two_border_radius__hover_enabled=\u00bbon\u00bb button_two_border_radius__hover=\u00bb0&#8243; button_one_letter_spacing__hover_enabled=\u00bbon\u00bb button_one_letter_spacing__hover=\u00bb2&#8243; button_two_letter_spacing__hover_enabled=\u00bbon\u00bb button_two_letter_spacing__hover=\u00bb2&#8243; button_one_bg_color__hover_enabled=\u00bbon\u00bb button_one_bg_color__hover=\u00bb#ffffff\u00bb button_two_bg_color__hover_enabled=\u00bbon\u00bb button_two_bg_color__hover=\u00bb#ffffff\u00bb][\/et_pb_fullwidth_header][\/et_pb_section][et_pb_section fb_built=\u00bb1&#8243; admin_label=\u00bbContenido\u00bb _builder_version=\u00bb4.21.0&#8243; width=\u00bb100%\u00bb max_width=\u00bb100%\u00bb custom_margin=\u00bb||||false|false\u00bb custom_padding=\u00bb||0px||false|false\u00bb global_colors_info=\u00bb{}\u00bb][et_pb_row _builder_version=\u00bb4.20.1&#8243; custom_margin=\u00bb-40px|auto||auto||\u00bb custom_padding=\u00bb|||0px||\u00bb global_colors_info=\u00bb{}\u00bb][et_pb_column type=\u00bb4_4&#8243; _builder_version=\u00bb4.16&#8243; global_colors_info=\u00bb{}\u00bb][et_pb_text _builder_version=\u00bb4.21.0&#8243; text_font=\u00bb||||||||\u00bb text_text_color=\u00bb#333333&#8243; text_font_size=\u00bb14px\u00bb custom_margin=\u00bb||||false|false\u00bb custom_padding=\u00bb||||false|false\u00bb custom_padding_tablet=\u00bb||||false|false\u00bb custom_padding_phone=\u00bb||||false|false\u00bb custom_padding_last_edited=\u00bbon|phone\u00bb header_3_font_size_tablet=\u00bb20px\u00bb header_3_font_size_phone=\u00bb16px\u00bb header_3_font_size_last_edited=\u00bbon|tablet\u00bb locked=\u00bboff\u00bb global_colors_info=\u00bb{}\u00bb]Ofrecemos servicios de producci\u00f3n de rodajes en Espa\u00f1a para producciones extranjeras. Colaboramos con nuestros clientes para optimizar sus presupuestos. Gesti\u00f3n e informaci\u00f3n de deducciones fiscales en Espa\u00f1a. <a target=\"_blank\" href=\"http:\/\/www.shootinginspain.info\/es\/rodajes-internacionales\" rel=\"noopener\" style=\"color:#bea88f;\">Leer m\u00e1s<\/a><\/p>\n<p>Estamos especializados en proveer servicios de producci\u00f3n para rodajes internacionales en Espa\u00f1a. Garantizamos un alto nivel de calidad y eficacia basado en la experiencia y expertise de nuestro equipo.<\/p>\n<p>Contamos con un equipo biling\u00fce para ofrecer las mejores soluciones, apoyar y guiar en cada etapa de la producci\u00f3n del proyecto.<\/p>\n<p>Nuestros servicios incluyen:<\/p>\n<ul>\n<li style=\"text-align: justify;\">Localizaciones.<\/li>\n<li>Line producer.<\/li>\n<li>Presupuesto.<\/li>\n<li>Planificaci\u00f3n de la producci\u00f3n.<\/li>\n<li>Casting.<\/li>\n<li>Gesti\u00f3n de permisos de trabajo y visas de trabajo.<\/li>\n<li>Negociaci\u00f3n de contratos con personal art\u00edstico, equipo t\u00e9cnico y proveedores.<\/li>\n<li>Permisos de rodaje, autorizaciones y contratos.<\/li>\n<li>Asesoria legal, financiera y contable.<\/li>\n<li>Seguridad.<\/li>\n<li>Tax Rebate ( Pen\u00ednsula y Canarias )<\/li>\n<\/ul>\n<p>[\/et_pb_text][\/et_pb_column][\/et_pb_row][et_pb_row use_custom_gutter=\u00bbon\u00bb gutter_width=\u00bb1&#8243; _builder_version=\u00bb4.21.0&#8243; _module_preset=\u00bbdefault\u00bb width=\u00bb100%\u00bb max_width=\u00bb100%\u00bb custom_margin=\u00bb0px||0px||false|false\u00bb custom_padding=\u00bb0px|5px|0px|5px|true|true\u00bb global_colors_info=\u00bb{}\u00bb][et_pb_column type=\u00bb4_4&#8243; _builder_version=\u00bb4.19.2&#8243; _module_preset=\u00bbdefault\u00bb global_colors_info=\u00bb{}\u00bb][et_pb_gallery gallery_ids=\u00bb1490,1485,210,205,204,208,202,207,1482,211,1483,1488&#8243; posts_number=\u00bb12&#8243; show_title_and_caption=\u00bboff\u00bb show_pagination=\u00bboff\u00bb zoom_icon_color=\u00bb#FFFFFF\u00bb hover_overlay_color=\u00bbrgba(0,0,0,0.54)\u00bb hover_icon=\u00bb&#x54;||divi||400&#8243; _builder_version=\u00bb4.21.0&#8243; _module_preset=\u00bbdefault\u00bb text_orientation=\u00bbcenter\u00bb custom_margin=\u00bb0px|0px|0px|0px|false|false\u00bb custom_padding=\u00bb0px|0px|0px|0px|false|false\u00bb hover_enabled=\u00bb0&#8243; border_width_all_image=\u00bb5px\u00bb border_color_all_image=\u00bbRGBA(255,255,255,0)\u00bb global_colors_info=\u00bb{}\u00bb sticky_enabled=\u00bb0&#8243;][\/et_pb_gallery][\/et_pb_column][\/et_pb_row][\/et_pb_section]<\/p>\n","protected":false},"excerpt":{"rendered":"<p>Ofrecemos servicios de producci\u00f3n de rodajes en Espa\u00f1a para producciones extranjeras. Colaboramos con nuestros clientes para optimizar sus presupuestos. Gesti\u00f3n e informaci\u00f3n de deducciones fiscales en Espa\u00f1a. Leer m\u00e1s Estamos especializados en proveer servicios de producci\u00f3n para rodajes internacionales en Espa\u00f1a. Garantizamos un alto nivel de calidad y eficacia basado en la experiencia y expertise [&hellip;]<\/p>\n","protected":false},"author":4,"featured_media":0,"parent":0,"menu_order":0,"comment_status":"closed","ping_status":"closed","template":"","meta":{"_et_pb_use_builder":"on","_et_pb_old_content":"","_et_gb_content_width":"","footnotes":""},"_links":{"self":[{"href":"https:\/\/tvgroup.es\/index.php\/wp-json\/wp\/v2\/pages\/505"}],"collection":[{"href":"https:\/\/tvgroup.es\/index.php\/wp-json\/wp\/v2\/pages"}],"about":[{"href":"https:\/\/tvgroup.es\/index.php\/wp-json\/wp\/v2\/types\/page"}],"author":[{"embeddable":true,"href":"https:\/\/tvgroup.es\/index.php\/wp-json\/wp\/v2\/users\/4"}],"replies":[{"embeddable":true,"href":"https:\/\/tvgroup.es\/index.php\/wp-json\/wp\/v2\/comments?post=505"}],"version-history":[{"count":29,"href":"https:\/\/tvgroup.es\/index.php\/wp-json\/wp\/v2\/pages\/505\/revisions"}],"predecessor-version":[{"id":1491,"href":"https:\/\/tvgroup.es\/index.php\/wp-json\/wp\/v2\/pages\/505\/revisions\/1491"}],"wp:attachment":[{"href":"https:\/\/tvgroup.es\/index.php\/wp-json\/wp\/v2\/media?parent=505"}],"curies":[{"name":"wp","href":"https:\/\/api.w.org\/{rel}","templated":true}]}}