{"id":213,"date":"2023-01-27T16:08:38","date_gmt":"2023-01-27T15:08:38","guid":{"rendered":"https:\/\/dev.tvgroup.es\/?page_id=213"},"modified":"2023-04-28T17:25:11","modified_gmt":"2023-04-28T15:25:11","slug":"control-de-realizacion","status":"publish","type":"page","link":"https:\/\/tvgroup.es\/index.php\/control-de-realizacion\/","title":{"rendered":"Control de realizaci\u00f3n"},"content":{"rendered":"<p>[et_pb_section fb_built=\u00bb1&#8243; admin_label=\u00bbHeader\u00bb _builder_version=\u00bb4.19.2&#8243; background_enable_image=\u00bboff\u00bb custom_padding=\u00bb0px||0px||false|false\u00bb saved_tabs=\u00bball\u00bb global_colors_info=\u00bb{}\u00bb][et_pb_row custom_padding_last_edited=\u00bbon|desktop\u00bb _builder_version=\u00bb4.20.4&#8243; use_background_color_gradient=\u00bbon\u00bb background_color_gradient_stops=\u00bbrgba(67,78,92,0.32) 0%|rgba(31,31,38,0.71) 100%\u00bb background_color_gradient_overlays_image=\u00bbon\u00bb background_color_gradient_start=\u00bbrgba(67,78,92,0.32)\u00bb background_color_gradient_end=\u00bbrgba(31,31,38,0.71)\u00bb background_image=\u00bbhttps:\/\/tvgroup.es\/wp-content\/uploads\/2023\/01\/edition-1.jpg\u00bb width=\u00bb100%\u00bb max_width=\u00bbnone\u00bb module_alignment=\u00bbcenter\u00bb min_height=\u00bb417.4px\u00bb custom_margin=\u00bb|auto|-71px|auto||\u00bb custom_margin_tablet=\u00bb|auto||0px|false|false\u00bb custom_margin_last_edited=\u00bboff|desktop\u00bb custom_padding=\u00bb10vw|20px|18vw|20px|false|true\u00bb custom_padding_tablet=\u00bb16vw||16vw||true|false\u00bb custom_padding_phone=\u00bb||||false|false\u00bb border_color_all=\u00bb#1f1f26&#8243; locked=\u00bboff\u00bb global_colors_info=\u00bb{}\u00bb title_text=\u00bbedition-1&#8243;][et_pb_column type=\u00bb4_4&#8243; _builder_version=\u00bb4.16&#8243; global_colors_info=\u00bb{}\u00bb][et_pb_text _builder_version=\u00bb4.20.4&#8243; text_font=\u00bbVerdana|700|||||||\u00bb text_text_color=\u00bb#FFFFFF\u00bb text_font_size=\u00bb30px\u00bb header_2_font=\u00bbPrata||||||||\u00bb header_2_line_height=\u00bb1.8em\u00bb header_4_font=\u00bb|700||on|||||\u00bb header_4_text_color=\u00bb#bea88f\u00bb header_4_font_size=\u00bb12px\u00bb header_4_letter_spacing=\u00bb2.6px\u00bb header_4_line_height=\u00bb1.6em\u00bb animation_style=\u00bbzoom\u00bb header_2_font_size_tablet=\u00bb22px\u00bb header_2_font_size_phone=\u00bb20px\u00bb header_2_font_size_last_edited=\u00bbon|phone\u00bb locked=\u00bboff\u00bb global_colors_info=\u00bb{}\u00bb]<\/p>\n<p style=\"text-align: center;\">Servicio de Control de Realizaci\u00f3n<\/p>\n<p>[\/et_pb_text][\/et_pb_column][\/et_pb_row][\/et_pb_section][et_pb_section fb_built=\u00bb1&#8243; admin_label=\u00bbAbout\u00bb _builder_version=\u00bb4.16&#8243; global_colors_info=\u00bb{}\u00bb][et_pb_row _builder_version=\u00bb4.16&#8243; global_colors_info=\u00bb{}\u00bb][et_pb_column type=\u00bb4_4&#8243; _builder_version=\u00bb4.16&#8243; global_colors_info=\u00bb{}\u00bb][et_pb_text _builder_version=\u00bb4.20.4&#8243; text_font=\u00bbVerdana||||||||\u00bb text_line_height=\u00bb2em\u00bb custom_margin=\u00bb-49px|||||\u00bb locked=\u00bboff\u00bb global_colors_info=\u00bb{}\u00bb]<\/p>\n<p style=\"text-align: justify;\"><span>En TV Group ofrecemos servicios de control de realizaci\u00f3n altamente efectivos y de alta calidad. Nos encargamos de la realizaci\u00f3n t\u00e9cnica de la producci\u00f3n, asegurando que cada toma sea correcta y que el resultado final sea de la m\u00e1xima calidad.<\/span><span><\/span><\/p>\n<p style=\"text-align: justify;\"><span>Nuestro equipo de expertos en control de realizaci\u00f3n trabaja en estrecha colaboraci\u00f3n con los productores, directores y c\u00e1maras para asegurar que el contenido se grabe seg\u00fan las especificaciones t\u00e9cnicas requeridas. Adem\u00e1s, utilizamos tecnolog\u00eda de \u00faltima generaci\u00f3n y equipos de alta calidad para garantizar la mejor calidad posible en la producci\u00f3n. En TV Group nos enorgullece ofrecer servicios de control de realizaci\u00f3n altamente profesionales y de alta calidad que cumplen con las expectativas de nuestros clientes.<\/span><\/p>\n<p>[\/et_pb_text][\/et_pb_column][\/et_pb_row][\/et_pb_section][et_pb_section fb_built=\u00bb1&#8243; _builder_version=\u00bb4.20.4&#8243; _module_preset=\u00bbdefault\u00bb custom_margin=\u00bb0px||0px||false|false\u00bb custom_padding=\u00bb0px||0px||false|false\u00bb global_colors_info=\u00bb{}\u00bb][et_pb_row use_custom_gutter=\u00bbon\u00bb gutter_width=\u00bb1&#8243; _builder_version=\u00bb4.20.4&#8243; _module_preset=\u00bbdefault\u00bb width=\u00bb100%\u00bb max_width=\u00bb100%\u00bb custom_margin=\u00bb0px||0px||false|false\u00bb custom_padding=\u00bb0px||0px||false|false\u00bb global_colors_info=\u00bb{}\u00bb][et_pb_column type=\u00bb4_4&#8243; _builder_version=\u00bb4.19.2&#8243; _module_preset=\u00bbdefault\u00bb global_colors_info=\u00bb{}\u00bb][et_pb_gallery gallery_ids=\u00bb43,125,128,126,127,124,82,83,80,81,15,16&#8243; posts_number=\u00bb12&#8243; show_title_and_caption=\u00bboff\u00bb show_pagination=\u00bboff\u00bb zoom_icon_color=\u00bb#FFFFFF\u00bb hover_overlay_color=\u00bbrgba(0,0,0,0.54)\u00bb hover_icon=\u00bb&#x54;||divi||400&#8243; _builder_version=\u00bb4.20.4&#8243; _module_preset=\u00bbdefault\u00bb border_width_all_image=\u00bb5px\u00bb border_color_all_image=\u00bbRGBA(255,255,255,0)\u00bb global_colors_info=\u00bb{}\u00bb][\/et_pb_gallery][\/et_pb_column][\/et_pb_row][et_pb_row column_structure=\u00bb1_2,1_2&#8243; use_custom_gutter=\u00bbon\u00bb gutter_width=\u00bb1&#8243; _builder_version=\u00bb4.20.4&#8243; _module_preset=\u00bbdefault\u00bb background_color=\u00bb#000000&#8243; width=\u00bb100%\u00bb max_width=\u00bb100%\u00bb min_height=\u00bb105px\u00bb custom_margin=\u00bb0px||0px||false|false\u00bb custom_padding=\u00bb0px||0px||false|false\u00bb global_colors_info=\u00bb{}\u00bb][et_pb_column type=\u00bb1_2&#8243; _builder_version=\u00bb4.19.2&#8243; _module_preset=\u00bbdefault\u00bb global_colors_info=\u00bb{}\u00bb][et_pb_image src=\u00bbhttps:\/\/tvgroup.es\/wp-content\/uploads\/2023\/04\/logo_entero.png\u00bb title_text=\u00bblogo_entero\u00bb _builder_version=\u00bb4.20.4&#8243; _module_preset=\u00bbdefault\u00bb width=\u00bb6%\u00bb max_width=\u00bb6%\u00bb custom_margin=\u00bb12px|||12px|false|false\u00bb custom_padding=\u00bb||||false|false\u00bb global_colors_info=\u00bb{}\u00bb][\/et_pb_image][\/et_pb_column][et_pb_column type=\u00bb1_2&#8243; _builder_version=\u00bb4.19.2&#8243; _module_preset=\u00bbdefault\u00bb global_colors_info=\u00bb{}\u00bb][et_pb_text _builder_version=\u00bb4.20.4&#8243; _module_preset=\u00bbdefault\u00bb text_font=\u00bbVerdana||||||||\u00bb custom_margin=\u00bb|39px|||false|false\u00bb custom_padding=\u00bb40px||||false|false\u00bb global_colors_info=\u00bb{}\u00bb]<\/p>\n<p style=\"text-align: right;\"><span style=\"color: #ffffff;\">Copyright \u00a9 TV GROUP DIGITAL 2012. Todos los derechos reservados.<\/span><\/p>\n<p>[\/et_pb_text][\/et_pb_column][\/et_pb_row][\/et_pb_section]<\/p>\n","protected":false},"excerpt":{"rendered":"<p>Servicio de Control de Realizaci\u00f3nEn TV Group ofrecemos servicios de control de realizaci\u00f3n altamente efectivos y de alta calidad. Nos encargamos de la realizaci\u00f3n t\u00e9cnica de la producci\u00f3n, asegurando que cada toma sea correcta y que el resultado final sea de la m\u00e1xima calidad. Nuestro equipo de expertos en control de realizaci\u00f3n trabaja en estrecha [&hellip;]<\/p>\n","protected":false},"author":1,"featured_media":0,"parent":0,"menu_order":0,"comment_status":"closed","ping_status":"closed","template":"","meta":{"_et_pb_use_builder":"on","_et_pb_old_content":"","_et_gb_content_width":"","footnotes":""},"_links":{"self":[{"href":"https:\/\/tvgroup.es\/index.php\/wp-json\/wp\/v2\/pages\/213"}],"collection":[{"href":"https:\/\/tvgroup.es\/index.php\/wp-json\/wp\/v2\/pages"}],"about":[{"href":"https:\/\/tvgroup.es\/index.php\/wp-json\/wp\/v2\/types\/page"}],"author":[{"embeddable":true,"href":"https:\/\/tvgroup.es\/index.php\/wp-json\/wp\/v2\/users\/1"}],"replies":[{"embeddable":true,"href":"https:\/\/tvgroup.es\/index.php\/wp-json\/wp\/v2\/comments?post=213"}],"version-history":[{"count":10,"href":"https:\/\/tvgroup.es\/index.php\/wp-json\/wp\/v2\/pages\/213\/revisions"}],"predecessor-version":[{"id":1040,"href":"https:\/\/tvgroup.es\/index.php\/wp-json\/wp\/v2\/pages\/213\/revisions\/1040"}],"wp:attachment":[{"href":"https:\/\/tvgroup.es\/index.php\/wp-json\/wp\/v2\/media?parent=213"}],"curies":[{"name":"wp","href":"https:\/\/api.w.org\/{rel}","templated":true}]}}